{"id":3,"date":"2024-04-17T15:15:05","date_gmt":"2024-04-17T13:15:05","guid":{"rendered":"http:\/\/www.espacepertic.fr\/?page_id=3"},"modified":"2024-07-19T10:05:17","modified_gmt":"2024-07-19T08:05:17","slug":"politique-de-confidentialite","status":"publish","type":"page","link":"https:\/\/www.espacepertic.fr\/index.php\/politique-de-confidentialite\/","title":{"rendered":"Politique de confidentialit\u00e9"},"content":{"rendered":"\n<div class=\"wp-block-group is-layout-constrained wp-block-group-is-layout-constrained\" style=\"margin-top:var(--wp--preset--spacing--70);margin-bottom:var(--wp--preset--spacing--70)\">\n<h2 class=\"wp-block-heading\">Propri\u00e9taire<\/h2>\n\n\n\n<p class=\"has-small-font-size\">SELARL PJP MEDIATION \u2013 Maison Berterretchea, 543 Route Principale, 64 120 GABAT<br>SIRET : 813 176 948 00038<br>Code APE : 8690F<br>Num\u00e9ro RCS :Bayonne D 813&nbsp;176&nbsp;948<br>ADELI : 649306628<\/p>\n\n\n\n<h2 class=\"wp-block-heading\">Cr\u00e9ation<\/h2>\n\n\n\n<p class=\"has-small-font-size\">Responsable de la publication : Patricia Jouanthoua Narbais<br>Design du site : <a href=\"http:\/\/heliora.fr\" target=\"_blank\" rel=\"noreferrer noopener\">H\u00e9liora<\/a><br>Photos de l&rsquo;Espace Pertic et portrait de Patricia : <a href=\"http:\/\/pierre-alex.com\/\" target=\"_blank\" rel=\"noreferrer noopener\">Pierre Alex<\/a><\/p>\n\n\n\n<h2 class=\"wp-block-heading\">H\u00e9bergement<\/h2>\n\n\n\n<p class=\"has-small-font-size\">Ce site est h\u00e9berg\u00e9 par LIGNE WEB SERVICES, 4, RUE GALVANI, 75017 PARIS \u2013 FRANCE, <a href=\"http:\/\/www.lws.fr\">www.lws.fr<\/a><\/p>\n\n\n\n<h2 class=\"wp-block-heading\">Droits d\u2019auteur<\/h2>\n\n\n\n<p class=\"has-small-font-size\">La reproduction ou repr\u00e9sentation, int\u00e9grale ou partielle, des textes, des photos, du contenu, des donn\u00e9es et de tout autre \u00e9l\u00e9ment constitutif au site, par quelque proc\u00e9d\u00e9 ou support que ce soit, est interdite et constitue sans autorisation de l\u2019auteur une contrefa\u00e7on.<\/p>\n\n\n\n<h2 class=\"wp-block-heading\">Confidentialit\u00e9<\/h2>\n\n\n\n<p class=\"has-small-font-size\">Les informations recueillies (nom, email, messages et informations) sont enregistr\u00e9es dans un fichier informatis\u00e9. Ils sont uniquement destin\u00e9es \u00e0 l\u2019usage professionnel de Patricia Jouathoua Narbais.<\/p>\n\n\n\n<p class=\"has-small-font-size\">Pour exercer votre droit d\u2019acc\u00e8s, de rectification et de suppression concernant vos donn\u00e9es personnelles, vous pouvez nous \u00e9crire \u00e0 p.jouanthoua{arobase}pjpmediation.fr<\/p>\n\n\n\n<p class=\"has-small-font-size\">Ce site internet r\u00e9alise des mesures d\u2019audience avec l\u2019outil de statistiques Google Analytics.<\/p>\n<\/div>\n","protected":false},"excerpt":{"rendered":"<p>Propri\u00e9taire SELARL PJP MEDIATION \u2013 Maison Berterretchea, 543 Route Principale, 64 120 GABATSIRET : 813 176 948 00038Code APE : 8690FNum\u00e9ro RCS :Bayonne D 813&nbsp;176&nbsp;948ADELI : 649306628 Cr\u00e9ation Responsable de la publication : Patricia Jouanthoua NarbaisDesign du site : H\u00e9lioraPhotos de l&rsquo;Espace Pertic et portrait de Patricia : Pierre Alex H\u00e9bergement Ce site est h\u00e9berg\u00e9 [&hellip;]<\/p>\n","protected":false},"author":1,"featured_media":0,"parent":0,"menu_order":0,"comment_status":"closed","ping_status":"open","template":"modele-page-1","meta":{"footnotes":""},"class_list":["post-3","page","type-page","status-publish","hentry"],"post_mailing_queue_ids":[],"_links":{"self":[{"href":"https:\/\/www.espacepertic.fr\/index.php\/wp-json\/wp\/v2\/pages\/3"}],"collection":[{"href":"https:\/\/www.espacepertic.fr\/index.php\/wp-json\/wp\/v2\/pages"}],"about":[{"href":"https:\/\/www.espacepertic.fr\/index.php\/wp-json\/wp\/v2\/types\/page"}],"author":[{"embeddable":true,"href":"https:\/\/www.espacepertic.fr\/index.php\/wp-json\/wp\/v2\/users\/1"}],"replies":[{"embeddable":true,"href":"https:\/\/www.espacepertic.fr\/index.php\/wp-json\/wp\/v2\/comments?post=3"}],"version-history":[{"count":5,"href":"https:\/\/www.espacepertic.fr\/index.php\/wp-json\/wp\/v2\/pages\/3\/revisions"}],"predecessor-version":[{"id":694,"href":"https:\/\/www.espacepertic.fr\/index.php\/wp-json\/wp\/v2\/pages\/3\/revisions\/694"}],"wp:attachment":[{"href":"https:\/\/www.espacepertic.fr\/index.php\/wp-json\/wp\/v2\/media?parent=3"}],"curies":[{"name":"wp","href":"https:\/\/api.w.org\/{rel}","templated":true}]}}