{"id":366,"date":"2024-06-04T14:32:31","date_gmt":"2024-06-04T12:32:31","guid":{"rendered":"http:\/\/www.espacepertic.fr\/?page_id=366"},"modified":"2024-07-22T09:59:24","modified_gmt":"2024-07-22T07:59:24","slug":"actualites","status":"publish","type":"page","link":"http:\/\/www.espacepertic.fr\/index.php\/actualites\/","title":{"rendered":"Actualit\u00e9s"},"content":{"rendered":"\n<div class=\"wp-block-group alignfull is-layout-constrained wp-block-group-is-layout-constrained\">\n<div class=\"wp-block-cover alignfull\" style=\"margin-top:0;margin-bottom:0;min-height:312px;aspect-ratio:unset;\"><span aria-hidden=\"true\" class=\"wp-block-cover__background has-background-dim\" style=\"background-color:#2e6666\"><\/span><img loading=\"lazy\" decoding=\"async\" width=\"2000\" height=\"800\" class=\"wp-block-cover__image-background wp-image-511\" alt=\"photo-vue-ciel-espace-pertic\" src=\"http:\/\/www.espacepertic.fr\/wp-content\/uploads\/2024\/06\/atelier-bien-etre_espace-pertic-saint-palais.jpg\" data-object-fit=\"cover\" srcset=\"http:\/\/www.espacepertic.fr\/wp-content\/uploads\/2024\/06\/atelier-bien-etre_espace-pertic-saint-palais.jpg 2000w, http:\/\/www.espacepertic.fr\/wp-content\/uploads\/2024\/06\/atelier-bien-etre_espace-pertic-saint-palais-300x120.jpg 300w, http:\/\/www.espacepertic.fr\/wp-content\/uploads\/2024\/06\/atelier-bien-etre_espace-pertic-saint-palais-1024x410.jpg 1024w, http:\/\/www.espacepertic.fr\/wp-content\/uploads\/2024\/06\/atelier-bien-etre_espace-pertic-saint-palais-768x307.jpg 768w, http:\/\/www.espacepertic.fr\/wp-content\/uploads\/2024\/06\/atelier-bien-etre_espace-pertic-saint-palais-1536x614.jpg 1536w\" sizes=\"(max-width: 2000px) 100vw, 2000px\" \/><div class=\"wp-block-cover__inner-container is-layout-constrained wp-container-core-cover-is-layout-1 wp-block-cover-is-layout-constrained\">\n<h1 class=\"wp-block-heading has-text-align-center has-ti-fg-alt-color has-text-color has-link-color has-large-font-size wp-elements-53f8727f7a3fd509dd321bfd9d69083a\">Actualit\u00e9s de l&rsquo;Espace Pertic<\/h1>\n<\/div><\/div>\n\n\n\n<div class=\"wp-block-group alignfull has-ti-fg-background-color has-background is-layout-constrained wp-container-core-group-is-layout-7 wp-block-group-is-layout-constrained\" style=\"margin-top:0px;margin-bottom:0px;padding-top:var(--wp--preset--spacing--20);padding-right:var(--wp--preset--spacing--60);padding-bottom:var(--wp--preset--spacing--20);padding-left:var(--wp--preset--spacing--60)\">\n<div class=\"wp-block-query alignwide is-layout-flow wp-block-query-is-layout-flow\">\n<div class=\"wp-block-group alignfull is-layout-constrained wp-block-group-is-layout-constrained\" style=\"margin-top:0px;margin-bottom:0px;padding-top:64px;padding-bottom:64px\">\n<div class=\"wp-block-query alignwide is-layout-flow wp-block-query-is-layout-flow\"><ul class=\"columns-2 wp-block-post-template is-layout-grid wp-container-core-post-template-is-layout-1 wp-block-post-template-is-layout-grid\"><li class=\"wp-block-post post-817 post type-post status-publish format-standard has-post-thumbnail hentry category-non-classe tag-conflits tag-cris tag-dialogue tag-ecoute tag-epuisement tag-harmonie tag-kinesiologie tag-relation tag-serenite\">\n\n<div class=\"wp-block-group has-ti-bg-alt-background-color has-background is-layout-constrained wp-container-core-group-is-layout-2 wp-block-group-is-layout-constrained\" style=\"border-width:2px;padding-top:0px;padding-right:0px;padding-bottom:0px;padding-left:0px\"><figure style=\"margin-top:0;margin-right:0;margin-bottom:0;margin-left:0;\" class=\"wp-block-post-featured-image\"><a href=\"http:\/\/www.espacepertic.fr\/index.php\/2026\/02\/24\/parents-sur-saint-palais-transformez-vos-conflits-en-cooperations\/\" target=\"_self\"  ><img loading=\"lazy\" decoding=\"async\" width=\"1409\" height=\"2000\" src=\"http:\/\/www.espacepertic.fr\/wp-content\/uploads\/2026\/02\/1.png\" class=\"attachment-post-thumbnail size-post-thumbnail wp-post-image\" alt=\"Parents sur Saint Palais: transformez vos conflits en coop\u00e9rations\" style=\"object-fit:cover;\" srcset=\"http:\/\/www.espacepertic.fr\/wp-content\/uploads\/2026\/02\/1.png 1409w, http:\/\/www.espacepertic.fr\/wp-content\/uploads\/2026\/02\/1-211x300.png 211w, http:\/\/www.espacepertic.fr\/wp-content\/uploads\/2026\/02\/1-721x1024.png 721w, http:\/\/www.espacepertic.fr\/wp-content\/uploads\/2026\/02\/1-768x1090.png 768w, http:\/\/www.espacepertic.fr\/wp-content\/uploads\/2026\/02\/1-1082x1536.png 1082w\" sizes=\"(max-width: 1409px) 100vw, 1409px\" \/><\/a><\/figure>\n\n\n<div class=\"wp-block-group has-ti-fg-color has-ti-fg-alt-background-color has-text-color has-background has-link-color wp-elements-96e1724e5c99c95ad218e43428d8eff3 is-layout-constrained wp-container-core-group-is-layout-1 wp-block-group-is-layout-constrained\" style=\"margin-top:0;margin-bottom:0;padding-top:24px;padding-right:24px;padding-bottom:24px;padding-left:24px\"><h2 style=\"text-transform:none;\" class=\"has-text-align-center wp-block-post-title has-x-large-font-size\"><a href=\"http:\/\/www.espacepertic.fr\/index.php\/2026\/02\/24\/parents-sur-saint-palais-transformez-vos-conflits-en-cooperations\/\" target=\"_self\" >Parents sur Saint Palais: transformez vos conflits en coop\u00e9rations<\/a><\/h2><\/div>\n<\/div>\n\n\n\n<div style=\"height:20px\" aria-hidden=\"true\" class=\"wp-block-spacer\"><\/div>\n\n<\/li><li class=\"wp-block-post post-788 post type-post status-publish format-standard has-post-thumbnail hentry category-non-classe tag-bioenergie tag-desir-denfant tag-deuil-perinatal tag-emotions tag-fausse-couche tag-kinesiologie tag-post-partum tag-stress-accouchement\">\n\n<div class=\"wp-block-group has-ti-bg-alt-background-color has-background is-layout-constrained wp-container-core-group-is-layout-4 wp-block-group-is-layout-constrained\" style=\"border-width:2px;padding-top:0px;padding-right:0px;padding-bottom:0px;padding-left:0px\"><figure style=\"margin-top:0;margin-right:0;margin-bottom:0;margin-left:0;\" class=\"wp-block-post-featured-image\"><a href=\"http:\/\/www.espacepertic.fr\/index.php\/2025\/12\/02\/arrivee-de-nathalie-floch-kinesiologue-certifiee-et-bioenergeticienne-acmos-a-lespace-pertic-de-saint-palais-tous-les-jeudis\/\" target=\"_self\"  ><img loading=\"lazy\" decoding=\"async\" width=\"1951\" height=\"2560\" src=\"http:\/\/www.espacepertic.fr\/wp-content\/uploads\/2025\/12\/Nathalie-FLOCH-kinesiologue-desir-enfantssaint-palais-scaled.jpg\" class=\"attachment-post-thumbnail size-post-thumbnail wp-post-image\" alt=\"Arriv\u00e9e de Nathalie FLOC&rsquo;H, kin\u00e9siologue certifi\u00e9e et bio\u00e9nerg\u00e9ticienne ACMOS \u00e0 l&rsquo;espace Pertic de Saint Palais tous les jeudis\" style=\"object-fit:cover;\" srcset=\"http:\/\/www.espacepertic.fr\/wp-content\/uploads\/2025\/12\/Nathalie-FLOCH-kinesiologue-desir-enfantssaint-palais-scaled.jpg 1951w, http:\/\/www.espacepertic.fr\/wp-content\/uploads\/2025\/12\/Nathalie-FLOCH-kinesiologue-desir-enfantssaint-palais-229x300.jpg 229w, http:\/\/www.espacepertic.fr\/wp-content\/uploads\/2025\/12\/Nathalie-FLOCH-kinesiologue-desir-enfantssaint-palais-781x1024.jpg 781w, http:\/\/www.espacepertic.fr\/wp-content\/uploads\/2025\/12\/Nathalie-FLOCH-kinesiologue-desir-enfantssaint-palais-768x1007.jpg 768w, http:\/\/www.espacepertic.fr\/wp-content\/uploads\/2025\/12\/Nathalie-FLOCH-kinesiologue-desir-enfantssaint-palais-1171x1536.jpg 1171w, http:\/\/www.espacepertic.fr\/wp-content\/uploads\/2025\/12\/Nathalie-FLOCH-kinesiologue-desir-enfantssaint-palais-1561x2048.jpg 1561w\" sizes=\"(max-width: 1951px) 100vw, 1951px\" \/><\/a><\/figure>\n\n\n<div class=\"wp-block-group has-ti-fg-color has-ti-fg-alt-background-color has-text-color has-background has-link-color wp-elements-96e1724e5c99c95ad218e43428d8eff3 is-layout-constrained wp-container-core-group-is-layout-3 wp-block-group-is-layout-constrained\" style=\"margin-top:0;margin-bottom:0;padding-top:24px;padding-right:24px;padding-bottom:24px;padding-left:24px\"><h2 style=\"text-transform:none;\" class=\"has-text-align-center wp-block-post-title has-x-large-font-size\"><a href=\"http:\/\/www.espacepertic.fr\/index.php\/2025\/12\/02\/arrivee-de-nathalie-floch-kinesiologue-certifiee-et-bioenergeticienne-acmos-a-lespace-pertic-de-saint-palais-tous-les-jeudis\/\" target=\"_self\" >Arriv\u00e9e de Nathalie FLOC&rsquo;H, kin\u00e9siologue certifi\u00e9e et bio\u00e9nerg\u00e9ticienne ACMOS \u00e0 l&rsquo;espace Pertic de Saint Palais tous les jeudis<\/a><\/h2><\/div>\n<\/div>\n\n\n\n<div style=\"height:20px\" aria-hidden=\"true\" class=\"wp-block-spacer\"><\/div>\n\n<\/li><\/ul>\n\n\n<div class=\"wp-block-group is-layout-flow wp-block-group-is-layout-flow\" style=\"margin-top:24px\"><\/div>\n\n\n<\/div>\n<\/div>\n<\/div>\n<\/div>\n<\/div>\n\n\n\n<div class=\"wp-block-group is-layout-constrained wp-block-group-is-layout-constrained\" style=\"margin-top:var(--wp--preset--spacing--70);margin-bottom:var(--wp--preset--spacing--70)\">\n<h2 class=\"wp-block-heading\">Recevoir les actualit\u00e9s par email<\/h2>\n\n\n<div class=\"emaillist\" id=\"es_form_f1-n1\"><form action=\"\/index.php\/wp-json\/wp\/v2\/pages\/366#es_form_f1-n1\" method=\"post\" class=\"es_subscription_form es_shortcode_form  es_ajax_subscription_form\" id=\"es_subscription_form_69e4c7f72f3b3\" data-source=\"ig-es\" data-form-id=\"1\"><input type=\"hidden\" name=\"esfpx_form_id\" value=\"1\" \/><input type=\"hidden\" name=\"esfpx_lists[]\" value=\"576beac5fa07\" \/><input type=\"hidden\" name=\"es\" value=\"subscribe\" \/>\n\t\t\t<input type=\"hidden\" name=\"esfpx_es_form_identifier\" value=\"f1-n1\" \/>\n\t\t\t<input type=\"hidden\" name=\"esfpx_es_email_page\" value=\"366\" \/>\n\t\t\t<input type=\"hidden\" name=\"esfpx_es_email_page_url\" value=\"http:\/\/www.espacepertic.fr\/index.php\/actualites\/\" \/>\n\t\t\t<input type=\"hidden\" name=\"esfpx_status\" value=\"Unconfirmed\" \/>\n\t\t\t<input type=\"hidden\" name=\"esfpx_es-subscribe\" id=\"es-subscribe-69e4c7f72f3b3\" value=\"732e644c48\" \/>\n\t\t\t<label style=\"position:absolute;top:-99999px;left:-99999px;z-index:-99;\" aria-hidden=\"true\"><span hidden>Please leave this field empty.<\/span><input type=\"email\" name=\"esfpx_es_hp_email\" class=\"es_required_field\" tabindex=\"-1\" autocomplete=\"-1\" value=\"\" \/><\/label><style>form.es_subscription_form[data-form-id=\"1\"] * { box-sizing: border-box; } body {margin: 0;}#esfpx_name_0fe74ada6116e{font-family:Georgia, serif;padding-top:11px;background-color:#ffffff;border-radius:0 0 0 0;font-size:1em;}#i17c{padding-top:0;font-family:Georgia, serif;}#esfpx_email_0fe74ada6116e{font-family:Georgia, serif;background-color:#ffffff;border-radius:0 0 0 0;font-size:1em;}#iqsua{font-family:Georgia, serif;}form[data-form-id=\"1\"] .es-form-field-container .gjs-row{display:flex;justify-content:flex-start;align-items:stretch;flex-wrap:nowrap;}form[data-form-id=\"1\"] .es-form-field-container .gjs-cell{flex-grow:1;flex-basis:100%;}form[data-form-id=\"1\"] .es-form-field-container .gjs-cell[data-highlightable=\"1\"]:empty{border-top-color:rgb(204, 204, 204);border-top-style:dashed;border-top-width:1px;border-right-color:rgb(204, 204, 204);border-right-style:dashed;border-right-width:1px;border-bottom-color:rgb(204, 204, 204);border-bottom-style:dashed;border-bottom-width:1px;border-left-color:rgb(204, 204, 204);border-left-style:dashed;border-left-width:1px;border-image-outset:0;border-image-repeat:stretch;border-image-slice:100%;border-image-source:none;border-image-width:1;height:30px;}form[data-form-id=\"1\"] .es-form-field-container .gjs-row .gjs-cell input[type=\"checkbox\"], form[data-form-id=\"1\"] .es-form-field-container .gjs-row .gjs-cell input[type=\"radio\"]{margin-top:0px;margin-right:5px;margin-bottom:0px;margin-left:0px;width:auto;}form[data-form-id=\"1\"] .es-form-field-container .gjs-row{margin-bottom:0.6em;}form[data-form-id=\"1\"] .es-form-field-container label.es-field-label{display:block;}@media (max-width: 320px){form[data-form-id=\"1\"] .es-form-field-container{padding-top:1rem;padding-right:1rem;padding-bottom:1rem;padding-left:1rem;}}<\/style><input type=\"text\" name=\"esfpx_name\" autocomplete=\"off\" placeholder=\"Nom\" class=\"es-name\" id=\"esfpx_name_0fe74ada6116e\" \/><div title=\"Recevoir les actualit\u00e9s\" id=\"i17c\" class=\"es-form-field-container\"><div class=\"gjs-row\"><\/div><div class=\"gjs-row\"><input type=\"email\" required class=\"es-email\" name=\"esfpx_email\" autocomplete=\"off\" placeholder=\"Email\" id=\"esfpx_email_0fe74ada6116e\" \/><\/div><div class=\"gjs-cell\"><div class=\"gjs-row\"><\/div><\/div><div class=\"gjs-row\"><\/div><\/div><div class=\"gjs-cell\"><input type=\"submit\" name=\"submit\" value=\"S'INSCRIRE\" required id=\"iqsua\" \/><\/div><span class=\"es_spinner_image\" id=\"spinner-image\"><img decoding=\"async\" src=\"http:\/\/www.espacepertic.fr\/wp-content\/plugins\/email-subscribers\/lite\/public\/images\/spinner.gif\" alt=\"Loading\" \/><\/span><\/form><span class=\"es_subscription_message \" id=\"es_subscription_message_69e4c7f72f3b3\"><\/span><\/div><\/div>\n","protected":false},"excerpt":{"rendered":"<p>Recevoir les actualit\u00e9s par email<\/p>\n","protected":false},"author":1,"featured_media":0,"parent":0,"menu_order":0,"comment_status":"closed","ping_status":"closed","template":"","meta":{"footnotes":""},"class_list":["post-366","page","type-page","status-publish","hentry"],"post_mailing_queue_ids":[],"_links":{"self":[{"href":"http:\/\/www.espacepertic.fr\/index.php\/wp-json\/wp\/v2\/pages\/366"}],"collection":[{"href":"http:\/\/www.espacepertic.fr\/index.php\/wp-json\/wp\/v2\/pages"}],"about":[{"href":"http:\/\/www.espacepertic.fr\/index.php\/wp-json\/wp\/v2\/types\/page"}],"author":[{"embeddable":true,"href":"http:\/\/www.espacepertic.fr\/index.php\/wp-json\/wp\/v2\/users\/1"}],"replies":[{"embeddable":true,"href":"http:\/\/www.espacepertic.fr\/index.php\/wp-json\/wp\/v2\/comments?post=366"}],"version-history":[{"count":40,"href":"http:\/\/www.espacepertic.fr\/index.php\/wp-json\/wp\/v2\/pages\/366\/revisions"}],"predecessor-version":[{"id":787,"href":"http:\/\/www.espacepertic.fr\/index.php\/wp-json\/wp\/v2\/pages\/366\/revisions\/787"}],"wp:attachment":[{"href":"http:\/\/www.espacepertic.fr\/index.php\/wp-json\/wp\/v2\/media?parent=366"}],"curies":[{"name":"wp","href":"https:\/\/api.w.org\/{rel}","templated":true}]}}